{"id":1346,"date":"2018-06-16T14:04:58","date_gmt":"2018-06-16T14:04:58","guid":{"rendered":"https:\/\/www.zahnarzt-jakolitsch.at\/homepage\/"},"modified":"2025-04-25T11:09:25","modified_gmt":"2025-04-25T11:09:25","slug":"homepage","status":"publish","type":"page","link":"https:\/\/www.zahnarzt-jakolitsch.at\/en\/homepage\/","title":{"rendered":"Start"},"content":{"rendered":"<p>[vc_row fullwidth=&#8221;true&#8221;][vc_column][rev_slider_vc alias=&#8221;slider-2&#8243;][\/vc_column][\/vc_row][vc_row fullwidth=&#8221;true&#8221; disable_element=&#8221;yes&#8221; css=&#8221;.vc_custom_1601640020587{margin-top: 0px !important;margin-right: 0px !important;margin-bottom: 0px !important;margin-left: 0px !important;border-top-width: 0px !important;border-right-width: 0px !important;border-bottom-width: 0px !important;border-left-width: 0px !important;padding-top: 0px !important;padding-right: 0px !important;padding-bottom: 0px !important;padding-left: 0px !important;background-image: url(http:\/\/www.zahnarzt-jakolitsch.at\/wp-content\/uploads\/2018\/11\/web_frontdesk.jpg?id=301) !important;background-position: center !important;background-repeat: no-repeat !important;background-size: cover !important;}&#8221;][vc_column css=&#8221;.vc_custom_1534664457605{margin-top: 0px !important;border-top-width: 0px !important;padding-top: 0px !important;}&#8221; offset=&#8221;vc_hidden-xs&#8221;][vc_row_inner disable_element=&#8221;yes&#8221; css=&#8221;.vc_custom_1601648846280{padding-top: 80px !important;padding-bottom: 80px !important;background-color: rgba(255,255,255,0.01) !important;*background-color: rgb(255,255,255) !important;}&#8221;][vc_column_inner][\/vc_column_inner][\/vc_row_inner][vc_row_inner disable_element=&#8221;yes&#8221; css=&#8221;.vc_custom_1601648856492{padding-top: 20px !important;padding-bottom: 20px !important;background-color: rgba(255,255,255,0.82) !important;*background-color: rgb(255,255,255) !important;}&#8221;][vc_column_inner][vc_column_text css=&#8221;.vc_custom_1584390769994{margin-bottom: 0px !important;}&#8221;]<\/p>\n<h1 style=\"text-align: center;\">Herzlich Willkommen in der Wahlarzt Ordination Dr. Jakolitsch!<\/h1>\n<p style=\"text-align: center;\">In unserer Ordination in Zell am Moos stehen Sie als Patient im Mittelpunkt. Ihr Vertrauen ist uns wichtig und die Basis f\u00fcr eine gute Zusammenarbeit.<br \/>\nEinf\u00fchlungsverm\u00f6gen und individuelle Beratung sind f\u00fcr uns daher eine Selbstverst\u00e4ndlichkeit.<br \/>\nWir haben die h\u00f6chsten Anspr\u00fcche an die eingesetzten Materialien und Technologien, die wir von den besten Herstellern weltweit beziehen.<\/p>\n<p style=\"text-align: center;\">Vertrauen Sie uns Ihr L\u00e4cheln an. Wir beraten Sie gerne.<\/p>\n<p>[\/vc_column_text][\/vc_column_inner][\/vc_row_inner][\/vc_column][\/vc_row][vc_row fullwidth=&#8221;true&#8221; disable_element=&#8221;yes&#8221; css=&#8221;.vc_custom_1601648872559{margin-top: 0px !important;margin-right: 0px !important;margin-bottom: 0px !important;margin-left: 0px !important;border-top-width: 0px !important;border-right-width: 0px !important;border-bottom-width: 0px !important;border-left-width: 0px !important;padding-top: 0px !important;padding-right: 0px !important;padding-bottom: 0px !important;padding-left: 0px !important;background-image: url(http:\/\/www.zahnarzt-jakolitsch.at\/wp-content\/uploads\/2018\/11\/web_frontdesk.jpg?id=301) !important;background-position: center !important;background-repeat: no-repeat !important;background-size: contain !important;}&#8221;][vc_column css=&#8221;.vc_custom_1534664551317{margin-top: 0px !important;border-top-width: 0px !important;padding-top: 0px !important;}&#8221; offset=&#8221;vc_hidden-lg vc_hidden-md vc_hidden-sm&#8221;][vc_row_inner css=&#8221;.vc_custom_1534667629979{padding-top: 10px !important;padding-bottom: 20px !important;background-color: rgba(255,255,255,0.82) !important;*background-color: rgb(255,255,255) !important;}&#8221;][vc_column_inner][vc_column_text css=&#8221;.vc_custom_1593420229278{margin-bottom: 0px !important;}&#8221;][\/vc_column_text][\/vc_column_inner][\/vc_row_inner][vc_row_inner disable_element=&#8221;yes&#8221; css=&#8221;.vc_custom_1601648890342{padding-top: 10px !important;padding-bottom: 20px !important;background-color: rgba(255,255,255,0.82) !important;*background-color: rgb(255,255,255) !important;}&#8221;][vc_column_inner][vc_column_text css=&#8221;.vc_custom_1529568713346{margin-bottom: 0px !important;}&#8221;]<\/p>\n<h1 style=\"text-align: center;\">Herzlich Willkommen in der Wahlarzt Ordination Dr. Jakolitsch!<\/h1>\n<p style=\"text-align: center;\">In unserer Ordination in Zell am Moos stehen Sie als Patient im Mittelpunkt. Ihr Vertrauen ist uns wichtig und die Basis f\u00fcr eine gute Zusammenarbeit.<br \/>\nEinf\u00fchlungsverm\u00f6gen und individuelle Beratung sind f\u00fcr uns daher eine Selbstverst\u00e4ndlichkeit.<br \/>\nWir haben die h\u00f6chsten Anspr\u00fcche an die eingesetzten Materialien und Technologien, die wir von den besten Herstellern weltweit beziehen.<\/p>\n<p style=\"text-align: center;\">Vertrauen Sie uns Ihr L\u00e4cheln an. Wir beraten Sie gerne.<\/p>\n<p>[\/vc_column_text][\/vc_column_inner][\/vc_row_inner][\/vc_column][\/vc_row][vc_row][vc_column][vc_column_text css=&#8221;.vc_custom_1709808310874{margin-bottom: 0px !important;}&#8221;]<\/p>\n<h1 style=\"text-align: center;\"><strong>Welcome to the dental practice of S. Jakolitsch M.Sc., where you will be warmly welcomed as a member of our practice family!<\/strong><\/h1>\n<p style=\"text-align: center;\">As a dedicated dentist who sees people and their health as a whole, I follow the motto: &#8220;Treat everyone as you would like to be treated yourself.&#8221; Supported by modern 3D technology and based on my extensive training acquired through studies and advanced training worldwide, I offer all-round care for all your dental needs. Our family dental laboratory and I work hand in hand to achieve the highest standards for your oral health and your radiant smile.<\/p>\n<p>&nbsp;<\/p>\n<p style=\"text-align: center;\">New patients are always welcome and we look forward to welcoming you to our practice. Welcome to our practice!<\/p>\n<p>[\/vc_column_text][\/vc_column][\/vc_row][vc_row][vc_column][\/vc_column][\/vc_row][vc_row][vc_column][vc_empty_space height=&#8221;20px&#8221;][\/vc_column][\/vc_row][vc_row][vc_column width=&#8221;1\/2&#8243;][vc_custom_heading text=&#8221;Summer timetable from May &#8211; September&#8221; font_container=&#8221;tag:p|text_align:center|color:%23606c97&#8243; use_theme_fonts=&#8221;yes&#8221; css=&#8221;&#8221;][mk_table]<\/p>\n<table width=\"100%\">\n<tbody>\n<tr>\n<td>Monday<\/td>\n<td>10.00 &#8211; 18.00 o&#8217;clock<\/td>\n<\/tr>\n<tr>\n<td>Tuesday<\/td>\n<td>7.00 &#8211; 14.00 o&#8217;clock<\/td>\n<\/tr>\n<tr>\n<td>Wednesday<\/td>\n<td>7.00 &#8211; 14.00 o&#8217;clock<\/td>\n<\/tr>\n<tr>\n<td>Thursday<\/td>\n<td>7.00 &#8211; 14.00 o&#8217;clock<\/td>\n<\/tr>\n<tr>\n<td>Friday<\/td>\n<td>8.00 &#8211; 12.00 o&#8217;clock<\/td>\n<\/tr>\n<tr>\n<td><\/td>\n<td><\/td>\n<\/tr>\n<\/tbody>\n<\/table>\n<p>[\/mk_table][\/vc_column][vc_column width=&#8221;1\/2&#8243;][vc_column_text css=&#8221;.vc_custom_1709813830637{margin-bottom: 0px !important;}&#8221;]<\/p>\n<p style=\"text-align: center;\"><a class=\"maxbutton-26 maxbutton maxbutton-online-booking\" href=\"https:\/\/termine.softdent.at\/zahnarzt-jakolitsch\" target=\"_blank\" rel=\"noopener\"><span class='mb-text'>Online Booking<\/span><\/a><\/p>\n<p>[\/vc_column_text][\/vc_column][\/vc_row][vc_row][vc_column][vc_empty_space height=&#8221;40px&#8221;][\/vc_column][\/vc_row][vc_row][vc_column][vc_column_text css=&#8221;.vc_custom_1710149164891{margin-bottom: 0px !important;}&#8221;]<\/p>\n<h2><a href=\"https:\/\/www.zahnarzt-jakolitsch.at\/en\/digital-dentistry\/\">Years of experience in digital dentistry<\/a><\/h2>\n<p>We have relied heavily on digitalised processes in our practice since the beginning. <a href=\"https:\/\/www.zahnarzt-jakolitsch.at\/en\/digital-dentistry\/\">Digital dentistry<\/a> offers you <strong>more precision<\/strong> and <strong>greater safety<\/strong> thanks to digital pre-planning.<\/p>\n<p><img fetchpriority=\"high\" decoding=\"async\" class=\"alignnone wp-image-759 size-medium\" src=\"http:\/\/www.zahnarzt-jakolitsch.at\/wp-content\/uploads\/2021\/01\/digitale_zahnmedizin_gammatec-300x200.jpg\" alt=\"\" width=\"300\" height=\"200\" srcset=\"https:\/\/www.zahnarzt-jakolitsch.at\/wp-content\/uploads\/2021\/01\/digitale_zahnmedizin_gammatec-300x200.jpg 300w, https:\/\/www.zahnarzt-jakolitsch.at\/wp-content\/uploads\/2021\/01\/digitale_zahnmedizin_gammatec.jpg 500w\" sizes=\"(max-width: 300px) 100vw, 300px\" \/>[\/vc_column_text][\/vc_column][\/vc_row][vc_row][vc_column][vc_empty_space height=&#8221;20px&#8221;][\/vc_column][\/vc_row][vc_row][vc_column][mk_fancy_title color=&#8221;#636363&#8243; size=&#8221;35&#8243; font_weight=&#8221;600&#8243; txt_transform=&#8221;uppercase&#8221; margin_top=&#8221;50&#8243; margin_bottom=&#8221;50&#8243; font_family=&#8221;Nunito&#8221; font_type=&#8221;google&#8221; align=&#8221;center&#8221; animation=&#8221;scale-up&#8221;]Our focus areas[\/mk_fancy_title][\/vc_column][\/vc_row][vc_row][vc_column width=&#8221;1\/2&#8243;][mk_custom_box corner_radius=&#8221;5&#8243; drop_shadow=&#8221;true&#8221; drop_shadow_angle=&#8221;90&#8243; drop_shadow_color=&#8221;rgba(198,198,198,0.5)&#8221;][vc_single_image image=&#8221;706&#8243; img_size=&#8221;full&#8221; alignment=&#8221;center&#8221; onclick=&#8221;custom_link&#8221; link=&#8221;https:\/\/www.zahnarzt-jakolitsch.at\/leistungen\/zahnimplantat\/&#8221;][vc_column_text css=&#8221;.vc_custom_1710146683540{margin-bottom: 0px !important;}&#8221;]<\/p>\n<h2 style=\"text-align: center;\">Dental implants<\/h2>\n<p style=\"text-align: center;\">Dental implants are inserted into the jawbone and replace the tooth root. A dental prosthesis, for example a crown, is placed on top.<\/p>\n<p style=\"text-align: center;\"><a href=\"https:\/\/www.zahnarzt-jakolitsch.at\/en\/dental-implants\/\">Read more about dental implants<\/a><\/p>\n<p>[\/vc_column_text][\/mk_custom_box][\/vc_column][vc_column width=&#8221;1\/2&#8243;][mk_custom_box corner_radius=&#8221;5&#8243; drop_shadow=&#8221;true&#8221; drop_shadow_angle=&#8221;90&#8243; drop_shadow_color=&#8221;rgba(198,198,198,0.5)&#8221;][vc_single_image image=&#8221;704&#8243; img_size=&#8221;full&#8221; alignment=&#8221;center&#8221; onclick=&#8221;custom_link&#8221; link=&#8221;https:\/\/www.zahnarzt-jakolitsch.at\/leistungen\/zahnkrone-prothetik\/&#8221;][vc_column_text css=&#8221;.vc_custom_1710146918433{margin-bottom: 0px !important;}&#8221;]<\/p>\n<h2 style=\"text-align: center;\">Prosthetics<\/h2>\n<p style=\"text-align: center;\">Modern fixed or removable dentures hardly differ in appearance and function from your natural teeth.<\/p>\n<p style=\"text-align: center;\"><a href=\"https:\/\/www.zahnarzt-jakolitsch.at\/en\/dental-crowns-prosthetics\/\">Read more about prosthetics<\/a><\/p>\n<p>[\/vc_column_text][\/mk_custom_box][\/vc_column][\/vc_row][vc_row][vc_column width=&#8221;1\/2&#8243;][mk_custom_box corner_radius=&#8221;5&#8243; drop_shadow=&#8221;true&#8221; drop_shadow_angle=&#8221;90&#8243; drop_shadow_color=&#8221;rgba(198,198,198,0.5)&#8221;][vc_single_image image=&#8221;693&#8243; img_size=&#8221;full&#8221; alignment=&#8221;center&#8221; onclick=&#8221;custom_link&#8221; link=&#8221;https:\/\/www.zahnarzt-jakolitsch.at\/leistungen\/parodontitis\/&#8221;][vc_column_text css=&#8221;.vc_custom_1710146972032{margin-bottom: 0px !important;}&#8221;]<\/p>\n<h2 style=\"text-align: center;\"><strong>Periodontology<\/strong><\/h2>\n<p style=\"text-align: center;\">Periodontitis is an infectious disease caused by bacteria, which attacks the periodontium through chronic inflammation and thus destroys the structures.<\/p>\n<p style=\"text-align: center;\"><a href=\"https:\/\/www.zahnarzt-jakolitsch.at\/en\/periodontitis\/\">Read more about periodontology<\/a><\/p>\n<p>[\/vc_column_text][\/mk_custom_box][\/vc_column][vc_column width=&#8221;1\/2&#8243;][mk_custom_box corner_radius=&#8221;5&#8243; drop_shadow=&#8221;true&#8221; drop_shadow_angle=&#8221;90&#8243; drop_shadow_color=&#8221;rgba(198,198,198,0.5)&#8221;][vc_single_image image=&#8221;689&#8243; img_size=&#8221;full&#8221; alignment=&#8221;center&#8221; onclick=&#8221;custom_link&#8221; link=&#8221;https:\/\/www.zahnarzt-jakolitsch.at\/leistungen\/digitale-zahnmedizin\/&#8221;][vc_column_text css=&#8221;.vc_custom_1710146993288{margin-bottom: 0px !important;}&#8221;]<\/p>\n<h2 style=\"text-align: center;\"><strong>Digital dentistry<\/strong><\/h2>\n<p style=\"text-align: center;\">We have years of experience in digital dentistry.<\/p>\n<p style=\"text-align: center;\"><a href=\"https:\/\/www.zahnarzt-jakolitsch.at\/en\/digital-dentistry\/\">Read more about digital dentistry<\/a><\/p>\n<p>[\/vc_column_text][\/mk_custom_box][\/vc_column][\/vc_row][vc_row][vc_column width=&#8221;1\/2&#8243;][mk_custom_box corner_radius=&#8221;5&#8243; drop_shadow=&#8221;true&#8221; drop_shadow_angle=&#8221;90&#8243; drop_shadow_color=&#8221;rgba(198,198,198,0.5)&#8221;][vc_single_image image=&#8221;691&#8243; img_size=&#8221;full&#8221; alignment=&#8221;center&#8221; onclick=&#8221;custom_link&#8221; link=&#8221;https:\/\/www.zahnarzt-jakolitsch.at\/leistungen\/parodontitis\/&#8221;][vc_column_text css=&#8221;.vc_custom_1710147027018{margin-bottom: 0px !important;}&#8221;]<\/p>\n<h2 style=\"text-align: center;\"><strong>Conservative dentistry<\/strong><\/h2>\n<p style=\"text-align: center;\">Our primary goal is always to preserve natural teeth. Depending on the damage, various treatment approaches are available for conservative dental treatment.<\/p>\n<p style=\"text-align: center;\"><a href=\"https:\/\/www.zahnarzt-jakolitsch.at\/en\/dental-fillings-inlays-onlays\/\">Read more about conservative dentistry<\/a><\/p>\n<p>[\/vc_column_text][\/mk_custom_box][\/vc_column][vc_column width=&#8221;1\/2&#8243;][mk_custom_box corner_radius=&#8221;5&#8243; drop_shadow=&#8221;true&#8221; drop_shadow_angle=&#8221;90&#8243; drop_shadow_color=&#8221;rgba(198,198,198,0.5)&#8221;][vc_single_image image=&#8221;1087&#8243; img_size=&#8221;400&#215;262&#8243; alignment=&#8221;center&#8221; onclick=&#8221;custom_link&#8221; link=&#8221;https:\/\/www.zahnarzt-jakolitsch.at\/leistungen\/digitale-zahnmedizin\/&#8221;][vc_column_text css=&#8221;.vc_custom_1710148415163{margin-bottom: 0px !important;}&#8221;]<\/p>\n<h2 style=\"text-align: center;\"><strong>Orthodontics<\/strong><\/h2>\n<p style=\"text-align: center;\">As a dentist specialising in orthodontics, I am pleased to be able to present you with the latest and most aesthetically pleasing treatment options.<\/p>\n<p style=\"text-align: center;\"><a href=\"https:\/\/www.zahnarzt-jakolitsch.at\/en\/braces\/\">Braces<\/a>, <a href=\"https:\/\/www.zahnarzt-jakolitsch.at\/en\/aligner\/\">aligners<\/a>,<a href=\"https:\/\/www.zahnarzt-jakolitsch.at\/en\/pediatric-dentist\/\"> children<\/a><\/p>\n<p>[\/vc_column_text][\/mk_custom_box][\/vc_column][\/vc_row][vc_row][vc_column][vc_empty_space height=&#8221;20px&#8221;][\/vc_column][\/vc_row][vc_row][vc_column][vc_column_text css=&#8221;.vc_custom_1699262767343{margin-bottom: 0px !important;}&#8221;]<pre class=\"ti-widget\"><template id=\"trustindex-google-widget-html\"><div class=\" ti-widget  ti-goog ti-review-text-mode-readmore ti-text-align-left\" data-no-translation=\"true\" data-time-locale=\"vor %d %s|Heute|Tag|Tagen|Woche|Wochen|Monat|Monaten|Jahr|Jahren\" data-plugin-version=\"13.2.8\" data-layout-id=\"97\" data-layout-category=\"badge, top-rated-badge\" data-set-id=\"light-minimal\" data-pid=\"\" data-language=\"de\" data-close-locale=\"Schlie\u00dfen\" data-css-version=\"2\" data-size=\"1\"> <div class=\"ti-widget-container\"> <div class=\"ti-header source-Google\"> <div class=\"ti-profile-details\"> <div class=\"ti-large-logo\"> <div class=\"ti-v-center\"> <trustindex-image class=\"ti-logo-fb\" data-imgurl=\"https:\/\/cdn.trustindex.io\/assets\/platform\/Google\/logo.svg\" width=\"150\" height=\"25\" loading=\"lazy\" alt=\"Google\"><\/trustindex-image> <\/div> <\/div> <div class=\"ti-stars\"><trustindex-image class=\"ti-star\" data-imgurl=\"https:\/\/cdn.trustindex.io\/assets\/platform\/Google\/star\/f.svg\" alt=\"Google\" width=\"17\" height=\"17\" loading=\"lazy\"><\/trustindex-image><trustindex-image class=\"ti-star\" data-imgurl=\"https:\/\/cdn.trustindex.io\/assets\/platform\/Google\/star\/f.svg\" alt=\"Google\" width=\"17\" height=\"17\" loading=\"lazy\"><\/trustindex-image><trustindex-image class=\"ti-star\" data-imgurl=\"https:\/\/cdn.trustindex.io\/assets\/platform\/Google\/star\/f.svg\" alt=\"Google\" width=\"17\" height=\"17\" loading=\"lazy\"><\/trustindex-image><trustindex-image class=\"ti-star\" data-imgurl=\"https:\/\/cdn.trustindex.io\/assets\/platform\/Google\/star\/f.svg\" alt=\"Google\" width=\"17\" height=\"17\" loading=\"lazy\"><\/trustindex-image><trustindex-image class=\"ti-star\" data-imgurl=\"https:\/\/cdn.trustindex.io\/assets\/platform\/Google\/star\/f.svg\" alt=\"Google\" width=\"17\" height=\"17\" loading=\"lazy\"><\/trustindex-image><\/div> <span class=\"ti-rating\">4.9<\/span> <\/div> <div class=\"ti-top-rated-title\">Bestbewerteter  Service 2026<\/div> <div class=\"ti-verified-by\">verifiziert von: Trustindex <span class=\"ti-info-icon\"><\/span><\/div> <div class=\"ti-disclaimer\">Trustindex \u00fcberpr\u00fcft, ob das Unternehmen auf Grundlage der in den letzten 12 Monaten auf Google gesammelten Bewertungen einen Bewertungswert \u00fcber 4.5 aufweist und sich damit f\u00fcr den Erhalt des <a href=\"https:\/\/www.trustindex.io\/?a=sys&amp;c=wp-top-rated-badge&amp;url=\/the-trustindex-verified-badge\/\" target=\"_blank\" rel=\"noopener\">Top-Rated-Zertifikats<\/a> qualifiziert.<\/div> <\/div> <\/div> <\/div> <\/template><\/pre><div data-src=\"https:\/\/cdn.trustindex.io\/loader.js?wp-widget\" data-template-id=\"trustindex-google-widget-html\" data-css-url=\"https:\/\/www.zahnarzt-jakolitsch.at\/wp-content\/uploads\/trustindex-google-widget.css?1772652588\"><\/div>[\/vc_column_text][\/vc_column][\/vc_row][vc_row][vc_column][vc_empty_space height=&#8221;20px&#8221;][\/vc_column][\/vc_row][vc_row][vc_column][vc_custom_heading text=&#8221;You can also find us on social media&#8221; font_container=&#8221;tag:h2|text_align:center|color:%23606c97&#8243; use_theme_fonts=&#8221;yes&#8221;][vc_column_text css=&#8221;.vc_custom_1695815517969{margin-bottom: 0px !important;}&#8221;]<\/p>\n<p style=\"text-align: left;\"><a href=\"https:\/\/www.facebook.com\/Zahnarztpraxis-Dr-Jakolitsch-165879627596337\/\" target=\"_blank\" rel=\"noopener\"><img decoding=\"async\" class=\"wp-image-335 size-full\" src=\"http:\/\/www.zahnarzt-jakolitsch.at\/wp-content\/uploads\/2019\/01\/facebook.png\" alt=\"\" width=\"32\" height=\"32\" \/> \u00a0 \u00a0<\/a><a href=\"https:\/\/www.instagram.com\/zahnarzt_sophiejakolitsch\/\" target=\"_blank\" rel=\"noopener\"><img decoding=\"async\" class=\"alignnone wp-image-485 size-full\" src=\"http:\/\/www.zahnarzt-jakolitsch.at\/wp-content\/uploads\/2019\/09\/instagram.jpg\" alt=\"\" width=\"32\" height=\"32\" \/><\/a><\/p>\n<h2><\/h2>\n<h2 style=\"text-align: center;\"><\/h2>\n<h2 style=\"text-align: left;\"><\/h2>\n<p>[\/vc_column_text][\/vc_column][\/vc_row][vc_row][vc_column][vc_column_text css=&#8221;.vc_custom_1663158066868{margin-bottom: 0px !important;}&#8221;]Zahnarzt Mondsee &#8211; Zell am Moos &#8211; Sophie Jakolitsch M.Sc. (Oral Implantology)[\/vc_column_text][\/vc_column][\/vc_row]<\/p>\n","protected":false},"excerpt":{"rendered":"<p>[vc_row fullwidth=&#8221;true&#8221;][vc_column][rev_slider_vc alias=&#8221;slider-2&#8243;][\/vc_column][\/vc_row][vc_row fullwidth=&#8221;true&#8221; disable_element=&#8221;yes&#8221; css=&#8221;.vc_custom_1601640020587{margin-top: 0px !important;margin-right: 0px !important;margin-bottom: 0px !important;margin-left: 0px !important;border-top-width: 0px !important;border-right-width: 0px !important;border-bottom-width: 0px !important;border-left-width: 0px !important;padding-top: 0px !important;padding-right: 0px !important;padding-bottom: 0px !important;padding-left: 0px !important;background-image: url(http:\/\/www.zahnarzt-jakolitsch.at\/wp-content\/uploads\/2018\/11\/web_frontdesk.jpg?id=301) !important;background-position: center !important;background-repeat: no-repeat !important;background-size: cover !important;}&#8221;][vc_column css=&#8221;.vc_custom_1534664457605{margin-top: 0px !important;border-top-width: 0px !important;padding-top: 0px !important;}&#8221; offset=&#8221;vc_hidden-xs&#8221;][vc_row_inner disable_element=&#8221;yes&#8221; css=&#8221;.vc_custom_1601648846280{padding-top: 80px !important;padding-bottom: 80px !important;background-color: rgba(255,255,255,0.01) !important;*background-color: rgb(255,255,255) [&hellip;]<\/p>\n","protected":false},"author":1,"featured_media":1224,"parent":0,"menu_order":0,"comment_status":"closed","ping_status":"closed","template":"","meta":{"footnotes":""},"class_list":["post-1346","page","type-page","status-publish","has-post-thumbnail","hentry"],"_links":{"self":[{"href":"https:\/\/www.zahnarzt-jakolitsch.at\/en\/wp-json\/wp\/v2\/pages\/1346","targetHints":{"allow":["GET"]}}],"collection":[{"href":"https:\/\/www.zahnarzt-jakolitsch.at\/en\/wp-json\/wp\/v2\/pages"}],"about":[{"href":"https:\/\/www.zahnarzt-jakolitsch.at\/en\/wp-json\/wp\/v2\/types\/page"}],"author":[{"embeddable":true,"href":"https:\/\/www.zahnarzt-jakolitsch.at\/en\/wp-json\/wp\/v2\/users\/1"}],"replies":[{"embeddable":true,"href":"https:\/\/www.zahnarzt-jakolitsch.at\/en\/wp-json\/wp\/v2\/comments?post=1346"}],"version-history":[{"count":11,"href":"https:\/\/www.zahnarzt-jakolitsch.at\/en\/wp-json\/wp\/v2\/pages\/1346\/revisions"}],"predecessor-version":[{"id":1924,"href":"https:\/\/www.zahnarzt-jakolitsch.at\/en\/wp-json\/wp\/v2\/pages\/1346\/revisions\/1924"}],"wp:featuredmedia":[{"embeddable":true,"href":"https:\/\/www.zahnarzt-jakolitsch.at\/en\/wp-json\/wp\/v2\/media\/1224"}],"wp:attachment":[{"href":"https:\/\/www.zahnarzt-jakolitsch.at\/en\/wp-json\/wp\/v2\/media?parent=1346"}],"curies":[{"name":"wp","href":"https:\/\/api.w.org\/{rel}","templated":true}]}}